{"id":182,"date":"2018-10-16T18:01:38","date_gmt":"2018-10-16T16:01:38","guid":{"rendered":"http:\/\/test.colfinregola.it\/wordpress\/?page_id=182"},"modified":"2025-02-09T16:23:07","modified_gmt":"2025-02-09T15:23:07","slug":"cookies","status":"publish","type":"page","link":"https:\/\/www.colfinregola.it\/index.php\/cookies\/","title":{"rendered":"Cookies"},"content":{"rendered":"<h4>\u00a0 \u00a0 \u00a0 \u00a0 \u00a0 \u00a0 \u00a0<strong>Politica gestione cookies<\/strong><\/h4>\n<p>La presente Privacy Policy ha lo scopo di descrivere le modalit\u00e0 di gestione di questo Sito, in riferimento all&#8217;uso dei cookie ed al trattamento dei dati personali degli utenti\/visitatori che lo consultano.<br \/>\nIl riferimento normativo \u00e8 il seguente Provvedimento:<br \/>\nIndividuazione delle modalit\u00e0 semplificate per l&#8217;informativa e l&#8217;acquisizione del consenso per l&#8217;uso dei cookie &#8211; 8 maggio 2014 (Pubblicato sulla Gazzetta Ufficiale n. 126 del 3 giugno 2014)<br \/>\nQuesta \u00e8 un&#8217;informativa resa, ai sensi degli articoli 13 e 122 del Codice in materia di protezione dei dati personali (D.Lgs. 196\/03, il c.d. Codice privacy) e del Provvedimento sopra citato, a coloro che si collegano al nostro sito. Si invitano gli utenti\/visitatori a leggere attentamente la presente pagina.<\/p>\n<ol>\n<li><strong>Considerazioni preliminari<\/strong><br \/>\nI cookie sono stringhe di testo di piccole dimensioni che i siti visitati dall&#8217;utente inviano al suo terminale (solitamente al browser), dove vengono memorizzati per essere poi ritrasmessi agli stessi siti alla successiva visita del medesimo utente. Nel corso della navigazione su un sito, l&#8217;utente pu\u00f2 ricevere sul suo terminale anche cookie che vengono inviati da siti o da web server diversi (c.d. &#8220;terze parti&#8221;), sui quali possono risiedere alcuni elementi (quali, ad esempio, immagini, mappe, suoni, specifici link a pagine di altri domini) presenti sul sito che lo stesso utente sta visitando. I cookie, solitamente presenti nei browser degli utenti in numero molto elevato e a volte anche con caratteristiche di ampia persistenza temporale, sono usati per differenti finalit\u00e0: esecuzione di autenticazioni informatiche, monitoraggio di sessioni, memorizzazione di informazioni su specifiche configurazioni riguardanti gli utenti che accedono al server, ecc. Al fine di giungere a una corretta regolamentazione di tali dispositivi, \u00e8 necessario distinguerli posto che non vi sono delle caratteristiche tecniche che li differenziano gli uni dagli altri proprio sulla base delle finalit\u00e0 perseguite da chi li utilizza. In tale direzione si \u00e8 mosso, peraltro, lo stesso legislatore, che, in attuazione delle disposizioni contenute nella direttiva 2009\/136\/CE, ha ricondotto l&#8217;obbligo di acquisire il consenso preventivo e informato degli utenti all&#8217;installazione di cookie utilizzati per finalit\u00e0 diverse da quelle meramente tecniche (cfr. art. 1, comma 5, lett. a), del d. lgs. 28 maggio 2012, n. 69, che ha modificato l&#8217;art. 122 del Codice). Al riguardo, e ai fini del presente provvedimento, si individuano pertanto due macro-categorie: cookie &#8220;tecnici&#8221; e cookie &#8220;di profilazione&#8221;.<\/li>\n<li><b>Cookie tecnici<\/b><br \/>\nI cookie tecnici sono quelli utilizzati al solo fine di &#8220;effettuare la trasmissione di una comunicazione su una rete di comunicazione elettronica, o nella misura strettamente necessaria al fornitore di un servizio della societ\u00e0 dell&#8217;informazione esplicitamente richiesto dall&#8217;abbonato o dall&#8217;utente a erogare tale servizio&#8221; (cfr. art. 122, comma 1, del Codice). Essi non vengono utilizzati per scopi ulteriori e sono normalmente installati direttamente dal titolare o gestore del sito web. Possono essere suddivisi in cookie di navigazione o di sessione, che garantiscono la normale navigazione e fruizione del sito web (permettendo, ad esempio, di realizzare un acquisto o autenticarsi per accedere ad aree riservate); cookie analytics, assimilati ai cookie tecnici laddove utilizzati direttamente dal gestore del sito per raccogliere informazioni, in forma aggregata, sul numero degli utenti e su come questi visitano il sito stesso; cookie di funzionalit\u00e0, che permettono all&#8217;utente la navigazione in funzione di una serie di criteri selezionati (ad esempio, la lingua, i prodotti selezionati per l&#8217;acquisto) al fine di migliorare il servizio reso allo stesso. Per l&#8217;installazione di tali cookie non \u00e8 richiesto il preventivo consenso degli utenti, mentre resta fermo l&#8217;obbligo di dare l&#8217;informativa ai sensi dell&#8217;art. 13 del Codice, che il gestore del sito, qualora utilizzi soltanto tali dispositivi, potr\u00e0 fornire con le modalit\u00e0 che ritiene pi\u00f9 idonee.<\/li>\n<li><b>Cookie di profilazione<\/b><br \/>\nI cookie di profilazione sono volti a creare profili relativi all&#8217;utente e vengono utilizzati al fine di inviare messaggi pubblicitari in linea con le preferenze manifestate dallo stesso nell&#8217;ambito della navigazione in rete. In ragione della particolare invasivit\u00e0 che tali dispositivi possono avere nell&#8217;ambito della sfera privata degli utenti, la normativa europea e italiana prevede che l&#8217;utente debba essere adeguatamente informato sull&#8217;uso degli stessi ed esprimere cos\u00ec il proprio valido consenso. Ad essi si riferisce l&#8217;art. 122 del Codice laddove prevede che &#8220;l&#8217;archiviazione delle informazioni nell&#8217;apparecchio terminale di un contraente o di un utente o l&#8217;accesso a informazioni gi\u00e0 archiviate sono consentiti unicamente a condizione che il contraente o l&#8217;utente abbia espresso il proprio consenso dopo essere stato informato con le modalit\u00e0 semplificate di cui all&#8217;articolo 13, comma 3&#8221; (art. 122, comma 1, del Codice).<\/li>\n<li><b>Utilizzo dei cookie in questo Sito<\/b><br \/>\nQuesto Sito utilizza cookie &#8220;tecnici&#8221;, o cookie \u201canalytics\u201d. I cookie \u201ctecnici\u201d sono utilizzati per il corretto funzionamento della connessione (es. indirizzando tra pi\u00f9 server in modo appropriato le richieste dell&#8217;utente) Questo Sito utilizza le funzionalit\u00e0 offerte dal servizio Google Analytics. Google Analytics utilizza i propri &#8220;cookie&#8221; per raccogliere e analizzare in forma anonima le informazioni sui comportamenti di utilizzo dei siti web. Tali informazioni (compreso l&#8217;indirizzo IP dell&#8217;utente) vengono raccolte da Google Analytics, che le elabora allo scopo di preparare report ad uso interno, riguardanti le attivit\u00e0 effettuate sul nostro sito web. Google non associa l&#8217;indirizzo IP a nessun altro dato in proprio possesso n\u00e9 cerca di collegare un indirizzo IP con l&#8217;identit\u00e0 di un utente.<\/li>\n<li><b>Cookie di \u201cprofilazione\u201d e\/o di&#8221;terze parti&#8221;<\/b><br \/>\nQuesto Sito non utilizza Cookie di \u201cprofilazione\u201d degli utenti nell\u2019ambito della loro navigazione sul sito ma utilizza cookie di profilazione di \u201cterze parti\u201d (Google Analytics, Google Adsense).<br \/>\nPer saperne di pi\u00f9 visita\u00a0<em><a href=\"http:\/\/www.google.com\/intl\/it\/policies\/privacy\/partners\/\" target=\"_blank\" rel=\"noopener\">Modalit\u00e0 di utilizzo dei dati da parte di Google quando si utilizzano siti o app dei nostri partner.<\/a><\/em><\/li>\n<li><b>Social Buttons<br \/>\n<\/b>Sul nostro sito sono presenti dei particolari \u201cpulsanti\u201d (denominati \u201csocial buttons\/widgets\u201d) che raffigurano le icone di social network (esempio, Facebook, Twitter, etc.) e di ulteriori siti web (Google+, etc.). Detti pulsanti consentono agli utenti che stanno navigando sui siti di interagire con un \u201cclick\u201d direttamente con i social network e gli altri siti web ivi raffigurati. In tal caso il social network e gli altri siti web acquisiscono i dati relativi alla visita dell\u2019utente, mentre il Titolare non condivider\u00e0 alcuna informazione di navigazione o dato dell\u2019utente acquisiti attraverso il proprio sito con i social network e gli altri siti web accessibili grazie ai Social buttons\/widgets.<\/li>\n<li><b>Istruzioni per la disabilitazione dei cookies dai browser<\/b>\n<ul>\n<li>disabilitazione dei cookie su\u00a0<em><a href=\"https:\/\/support.mozilla.org\/it\/kb\/Attivare%20e%20disattivare%20i%20cookie\" target=\"_blank\" rel=\"noopener\">Firefox<\/a><\/em><\/li>\n<li>disabilitazione dei cookie su\u00a0<em><a href=\"http:\/\/www.google.com\/policies\/technologies\/managing\/\">Chrome<\/a><\/em><\/li>\n<li>disabilitazione dei cookie su\u00a0<em><a href=\"http:\/\/windows.microsoft.com\/it-it\/internet-explorer\/delete-manage-cookies#ie=ie-11\" target=\"_blank\" rel=\"noopener\">Internet Explorer<\/a><\/em><\/li>\n<li>disabilitazione dei cookie su\u00a0<em><a href=\"http:\/\/support.apple.com\/kb\/HT1677?viewlocale=it_IT&amp;locale=it_IT\" target=\"_blank\" rel=\"noopener\">Safari<\/a><\/em><\/li>\n<li>disabilitazione dei cookie su\u00a0<em><a href=\"http:\/\/help.opera.com\/Mac\/12.10\/it\/cookies.html\" target=\"_blank\" rel=\"noopener\">Opera<\/a><\/em><\/li>\n<\/ul>\n<p>Se usi un qualsiasi altro browser, cerca nelle impostazioni del browser la modalit\u00e0 di gestione dei cookies.<br \/>\nPer saperne di pi\u00f9 riguardo la gestione dei cookies sul browser dei dispositivi mobili, consultare il manuale utente specifico.<br \/>\nPuoi anche trovare ulteriori informazioni sui cookies e su come gestirli consultando il sito\u00a0<a href=\"http:\/\/www.aboutcookies.org\/\" target=\"_blank\" rel=\"noopener\"><em>www.aboutcookies.org<\/em><\/a>.<\/li>\n<\/ol>\n","protected":false},"excerpt":{"rendered":"<p>\u00a0 \u00a0 \u00a0 \u00a0 \u00a0 \u00a0 \u00a0Politica gestione cookies La presente Privacy Policy ha lo scopo di descrivere le modalit\u00e0 di gestione di questo Sito, in riferimento all&#8217;uso dei cookie ed al trattamento dei dati personali degli utenti\/visitatori che lo consultano. Il riferimento normativo \u00e8 il seguente Provvedimento: Individuazione delle modalit\u00e0 semplificate per l&#8217;informativa e [&hellip;]<\/p>\n","protected":false},"author":1,"featured_media":0,"parent":0,"menu_order":0,"comment_status":"closed","ping_status":"closed","template":"","meta":{"_mc_calendar":[],"footnotes":""},"class_list":["post-182","page","type-page","status-publish","hentry"],"yoast_head":"<!-- This site is optimized with the Yoast SEO plugin v24.5 - https:\/\/yoast.com\/wordpress\/plugins\/seo\/ -->\n<title>Cookies - Colfinregola.it<\/title>\n<meta name=\"description\" content=\"La politica di gestione dei cookies, per un servizio sempre chiaro e trasparente Cookies .\" \/>\n<meta name=\"robots\" content=\"index, follow, max-snippet:-1, max-image-preview:large, max-video-preview:-1\" \/>\n<link rel=\"canonical\" href=\"https:\/\/www.colfinregola.it\/index.php\/cookies\/\" \/>\n<meta property=\"og:locale\" content=\"it_IT\" \/>\n<meta property=\"og:type\" content=\"article\" \/>\n<meta property=\"og:title\" content=\"Cookies - Colfinregola.it\" \/>\n<meta property=\"og:description\" content=\"La politica di gestione dei cookies, per un servizio sempre chiaro e trasparente Cookies .\" \/>\n<meta property=\"og:url\" content=\"https:\/\/www.colfinregola.it\/index.php\/cookies\/\" \/>\n<meta property=\"og:site_name\" content=\"Colfinregola.it\" \/>\n<meta property=\"article:modified_time\" content=\"2025-02-09T15:23:07+00:00\" \/>\n<meta name=\"twitter:card\" content=\"summary_large_image\" \/>\n<meta name=\"twitter:site\" content=\"@Colfinregola\" \/>\n<meta name=\"twitter:label1\" content=\"Tempo di lettura stimato\" \/>\n\t<meta name=\"twitter:data1\" content=\"6 minuti\" \/>\n<script type=\"application\/ld+json\" class=\"yoast-schema-graph\">{\"@context\":\"https:\/\/schema.org\",\"@graph\":[{\"@type\":\"WebPage\",\"@id\":\"https:\/\/www.colfinregola.it\/index.php\/cookies\/\",\"url\":\"https:\/\/www.colfinregola.it\/index.php\/cookies\/\",\"name\":\"Cookies - Colfinregola.it\",\"isPartOf\":{\"@id\":\"https:\/\/www.colfinregola.it\/#website\"},\"datePublished\":\"2018-10-16T16:01:38+00:00\",\"dateModified\":\"2025-02-09T15:23:07+00:00\",\"description\":\"La politica di gestione dei cookies, per un servizio sempre chiaro e trasparente Cookies .\",\"breadcrumb\":{\"@id\":\"https:\/\/www.colfinregola.it\/index.php\/cookies\/#breadcrumb\"},\"inLanguage\":\"it-IT\",\"potentialAction\":[{\"@type\":\"ReadAction\",\"target\":[\"https:\/\/www.colfinregola.it\/index.php\/cookies\/\"]}]},{\"@type\":\"BreadcrumbList\",\"@id\":\"https:\/\/www.colfinregola.it\/index.php\/cookies\/#breadcrumb\",\"itemListElement\":[{\"@type\":\"ListItem\",\"position\":1,\"name\":\"Home\",\"item\":\"https:\/\/www.colfinregola.it\/\"},{\"@type\":\"ListItem\",\"position\":2,\"name\":\"Cookies\"}]},{\"@type\":\"WebSite\",\"@id\":\"https:\/\/www.colfinregola.it\/#website\",\"url\":\"https:\/\/www.colfinregola.it\/\",\"name\":\"Colfinregola.it\",\"description\":\"Tutti i diritti riservati\",\"publisher\":{\"@id\":\"https:\/\/www.colfinregola.it\/#organization\"},\"potentialAction\":[{\"@type\":\"SearchAction\",\"target\":{\"@type\":\"EntryPoint\",\"urlTemplate\":\"https:\/\/www.colfinregola.it\/?s={search_term_string}\"},\"query-input\":{\"@type\":\"PropertyValueSpecification\",\"valueRequired\":true,\"valueName\":\"search_term_string\"}}],\"inLanguage\":\"it-IT\"},{\"@type\":\"Organization\",\"@id\":\"https:\/\/www.colfinregola.it\/#organization\",\"name\":\"Colfinregola.it\",\"url\":\"https:\/\/www.colfinregola.it\/\",\"logo\":{\"@type\":\"ImageObject\",\"inLanguage\":\"it-IT\",\"@id\":\"https:\/\/www.colfinregola.it\/#\/schema\/logo\/image\/\",\"url\":\"https:\/\/i0.wp.com\/www.colfinregola.it\/wp-content\/uploads\/2017\/08\/cropped-topimg_2-e1502293141736-1.jpg?fit=280%2C58&ssl=1\",\"contentUrl\":\"https:\/\/i0.wp.com\/www.colfinregola.it\/wp-content\/uploads\/2017\/08\/cropped-topimg_2-e1502293141736-1.jpg?fit=280%2C58&ssl=1\",\"width\":280,\"height\":58,\"caption\":\"Colfinregola.it\"},\"image\":{\"@id\":\"https:\/\/www.colfinregola.it\/#\/schema\/logo\/image\/\"},\"sameAs\":[\"https:\/\/x.com\/Colfinregola\"]}]}<\/script>\n<!-- \/ Yoast SEO plugin. -->","yoast_head_json":{"title":"Cookies - Colfinregola.it","description":"La politica di gestione dei cookies, per un servizio sempre chiaro e trasparente Cookies .","robots":{"index":"index","follow":"follow","max-snippet":"max-snippet:-1","max-image-preview":"max-image-preview:large","max-video-preview":"max-video-preview:-1"},"canonical":"https:\/\/www.colfinregola.it\/index.php\/cookies\/","og_locale":"it_IT","og_type":"article","og_title":"Cookies - Colfinregola.it","og_description":"La politica di gestione dei cookies, per un servizio sempre chiaro e trasparente Cookies .","og_url":"https:\/\/www.colfinregola.it\/index.php\/cookies\/","og_site_name":"Colfinregola.it","article_modified_time":"2025-02-09T15:23:07+00:00","twitter_card":"summary_large_image","twitter_site":"@Colfinregola","twitter_misc":{"Tempo di lettura stimato":"6 minuti"},"schema":{"@context":"https:\/\/schema.org","@graph":[{"@type":"WebPage","@id":"https:\/\/www.colfinregola.it\/index.php\/cookies\/","url":"https:\/\/www.colfinregola.it\/index.php\/cookies\/","name":"Cookies - Colfinregola.it","isPartOf":{"@id":"https:\/\/www.colfinregola.it\/#website"},"datePublished":"2018-10-16T16:01:38+00:00","dateModified":"2025-02-09T15:23:07+00:00","description":"La politica di gestione dei cookies, per un servizio sempre chiaro e trasparente Cookies .","breadcrumb":{"@id":"https:\/\/www.colfinregola.it\/index.php\/cookies\/#breadcrumb"},"inLanguage":"it-IT","potentialAction":[{"@type":"ReadAction","target":["https:\/\/www.colfinregola.it\/index.php\/cookies\/"]}]},{"@type":"BreadcrumbList","@id":"https:\/\/www.colfinregola.it\/index.php\/cookies\/#breadcrumb","itemListElement":[{"@type":"ListItem","position":1,"name":"Home","item":"https:\/\/www.colfinregola.it\/"},{"@type":"ListItem","position":2,"name":"Cookies"}]},{"@type":"WebSite","@id":"https:\/\/www.colfinregola.it\/#website","url":"https:\/\/www.colfinregola.it\/","name":"Colfinregola.it","description":"Tutti i diritti riservati","publisher":{"@id":"https:\/\/www.colfinregola.it\/#organization"},"potentialAction":[{"@type":"SearchAction","target":{"@type":"EntryPoint","urlTemplate":"https:\/\/www.colfinregola.it\/?s={search_term_string}"},"query-input":{"@type":"PropertyValueSpecification","valueRequired":true,"valueName":"search_term_string"}}],"inLanguage":"it-IT"},{"@type":"Organization","@id":"https:\/\/www.colfinregola.it\/#organization","name":"Colfinregola.it","url":"https:\/\/www.colfinregola.it\/","logo":{"@type":"ImageObject","inLanguage":"it-IT","@id":"https:\/\/www.colfinregola.it\/#\/schema\/logo\/image\/","url":"https:\/\/i0.wp.com\/www.colfinregola.it\/wp-content\/uploads\/2017\/08\/cropped-topimg_2-e1502293141736-1.jpg?fit=280%2C58&ssl=1","contentUrl":"https:\/\/i0.wp.com\/www.colfinregola.it\/wp-content\/uploads\/2017\/08\/cropped-topimg_2-e1502293141736-1.jpg?fit=280%2C58&ssl=1","width":280,"height":58,"caption":"Colfinregola.it"},"image":{"@id":"https:\/\/www.colfinregola.it\/#\/schema\/logo\/image\/"},"sameAs":["https:\/\/x.com\/Colfinregola"]}]}},"jetpack_sharing_enabled":true,"_links":{"self":[{"href":"https:\/\/www.colfinregola.it\/index.php\/wp-json\/wp\/v2\/pages\/182","targetHints":{"allow":["GET"]}}],"collection":[{"href":"https:\/\/www.colfinregola.it\/index.php\/wp-json\/wp\/v2\/pages"}],"about":[{"href":"https:\/\/www.colfinregola.it\/index.php\/wp-json\/wp\/v2\/types\/page"}],"author":[{"embeddable":true,"href":"https:\/\/www.colfinregola.it\/index.php\/wp-json\/wp\/v2\/users\/1"}],"replies":[{"embeddable":true,"href":"https:\/\/www.colfinregola.it\/index.php\/wp-json\/wp\/v2\/comments?post=182"}],"version-history":[{"count":10,"href":"https:\/\/www.colfinregola.it\/index.php\/wp-json\/wp\/v2\/pages\/182\/revisions"}],"predecessor-version":[{"id":702,"href":"https:\/\/www.colfinregola.it\/index.php\/wp-json\/wp\/v2\/pages\/182\/revisions\/702"}],"wp:attachment":[{"href":"https:\/\/www.colfinregola.it\/index.php\/wp-json\/wp\/v2\/media?parent=182"}],"curies":[{"name":"wp","href":"https:\/\/api.w.org\/{rel}","templated":true}]}}